{"id":1819,"date":"2022-03-03T20:14:18","date_gmt":"2022-03-03T20:14:18","guid":{"rendered":"https:\/\/law.temple.edu\/iilpp\/?page_id=1819"},"modified":"2022-05-24T16:43:45","modified_gmt":"2022-05-24T16:43:45","slug":"international-law-colloquium-past-speakers","status":"publish","type":"page","link":"https:\/\/law.temple.edu\/iilpp\/international-law-colloquium-past-speakers\/","title":{"rendered":"International Law Colloquium"},"content":{"rendered":"\n<p>Since 2007, Temple has hosted more than 100 of the world&#8217;s leading international law faculty to present their scholarship to the Temple community. The Temple International Law Colloquium is recognized as a premier venue for engaging the latest scholarship in the field.&nbsp;<\/p>\n\n\n\n<div class=\"wp-block-columns is-layout-flex wp-container-core-columns-is-layout-9d6595d7 wp-block-columns-is-layout-flex\">\n<div class=\"wp-block-column is-layout-flow wp-block-column-is-layout-flow\">\n<p><strong>Tendayi Achiume<\/strong>, UCLA School of Law<strong><br>Robert Ahdieh<\/strong>, Emory Law School and Princeton University<br><strong>Aziza Ahmed<\/strong>, Northeastern University School of Law<br><strong>Philip Alston<\/strong>, New York University School of Law<br><strong>Julian Arato<\/strong>, Brooklyn Law School<br><strong>Elena Baylis<\/strong>, University of Pittsburgh School of Law<br><strong>Karima Bennoune<\/strong>, U.C. Davis School of Law<br><strong>Paul Schiff Berman<\/strong>, George Washington University Law School<br><strong>Gabriella Blum<\/strong>, Harvard Law School<br><strong>Kristen Boon<\/strong>, Seton Hall Law School<br><strong>Linda Bosniak<\/strong>, Rutgers Law School, Camden<br><strong>Rachel Brewster<\/strong>, Harvard Law School<br><strong>Jutta Brunnee<\/strong>, University of Toronto Law School<br><strong>Bill Burke-White<\/strong>, University of Pennsylvania Law School<br><strong>Howard Chang<\/strong>, University of Pennsylvania Law School<br><strong>Adam Chilton<\/strong>, University of Chicago Law School<br><strong>Kathleen Claussen<\/strong>, University of Miami School of Law<br><strong>Jacob Katz Cogan<\/strong>, University of Cincinnati College of Law<br><strong>Elizabeth Cohen<\/strong>,&nbsp;Syracuse University<br><strong>Harlan Cohen<\/strong>, University of Georgia Law School<br><strong>Jorge Contesse<\/strong>, Rutgers Law School<br><strong>Sarah Dadush<\/strong>, Rutgers Law School<br><strong>Jennifer Daksal<\/strong>, American University Washington College of Law<br><strong>Peter Danchin<\/strong>, University of Maryland Law School<br><strong>Mark Drumbl<\/strong>, Washington and Lee University School of Law<br><strong>Melissa Durkee<\/strong>&nbsp;University of Georgia Law School<br><strong>Martin Flaherty<\/strong>, Fordham University Law School<br><strong>Jean Galbraith<\/strong>, University of Pennsylvania Law School<br><strong>James Thuo Gathii<\/strong>, Albany Law School<br><strong>Chiara Giorgetti<\/strong>, University of Richmond Law School<br><strong>Jack Goldsmith<\/strong>, Harvard Law School<br><strong>Jennifer Gordon<\/strong>, Fordham University School of Law<br><strong>Sasha Greenawalt<\/strong>, Columbia Law School<br><strong>Jonathan Hafetz<\/strong>, Seton Hall Law School<br><strong>Monica Hakimi<\/strong>, University of Michigan Law School<br><strong>Rebecca Hamilton,&nbsp;<\/strong>American University Washington College of Law<br><strong>Oona Hathaway<\/strong>, Yale Law School<br><strong>Alexandra Huneeus<\/strong>, University of Wisconsin School of Law<br><strong>Rebecca Ingber<\/strong>, Boston University Law School<br><strong>Chim\u00e8ne Keitner<\/strong>, U.C. Hastings Law<\/p>\n<\/div>\n\n\n\n<div class=\"wp-block-column is-layout-flow wp-block-column-is-layout-flow\">\n<p><strong>R. Daniel Kelemen<\/strong>, Rutgers University<br><strong>Claire Kelly<\/strong>, Brooklyn University School of Law<br><strong>Jan Klabbers<\/strong>, University of Helsinki<strong><br>Karen Knop<\/strong>, University of Toronto<br><strong>Dimitry Kochenov<\/strong>, University of Groningen<br><strong>Steven Koh<\/strong>, Boston College Law School<br><strong>M\u00e1ximo Langer<\/strong>, UCLA School of Law<br><strong>Ryan Liss<\/strong>, Columbia Law School<br><strong>David Luban<\/strong>, Georgetown University Law Center<br><strong>Margaret McGuinness<\/strong>, University of Missouri School of Law<br><strong>Fr\u00e9d\u00e9ric M\u00e9gret<\/strong>, McGill University Faculty of Law<br><strong>Tara Jane Melish<\/strong>, University at Buffalo Law School<br><strong>Tim Meyer<\/strong>, University of Georgia Law School<br><strong>Saira Mohamed,&nbsp;<\/strong>University of California Berkeley School of Law<br><strong>Sean Murphy<\/strong>, George Washington University Law School<br><strong>Andr\u00e9 Nollkaemper<\/strong>, Universiteit van Amsterdam<br><strong>Sarah Nouwen<\/strong>, European University Institute Department of Law<br><strong>Jide Nzelibe<\/strong>, Northwestern University Law School<br><strong>Joost Paulwelyn<\/strong>, Duke Law School<br><strong>Deborah Pearlstein<\/strong>, Princeton University<br><strong>Catherine Powell<\/strong>, Fordham University School of Law<br><strong>Jeremy Rabkin<\/strong>, George Mason University Law School<br><strong>Anthea Roberts<\/strong>, The London School of Economics and Political Science<br><strong>Galit Sarfaty<\/strong>, Wharton School, University of Pennsylvania<br><strong>Gregory Shaffer<\/strong>, University of Minnesota Law School<br><strong>Yuval Shany<\/strong>, Hebrew University of Jerusalem<br><strong>Matiangai Sirleaf<\/strong>, University of Pittsburgh Law School<br><strong>Sonja Starr<\/strong>, University of Maryland Law School<br><strong>Ruti Teitel<\/strong>, New York Law School<br><strong>Chantal Thomas<\/strong>, Cornell Law School<br><strong>Jenia Iontcheva Turner<\/strong>, Southern Methodist University Dedman School of Law<br><strong>Carlos V\u00e1zquez<\/strong>, Georgetown University Law Center<br><strong>Gerardo Vildostegui<\/strong>, Rutgers School of Law-Camden<br><strong>Melissa Waters<\/strong>, Washington and Lee University School of Law<br><strong>Matt Waxman<\/strong>, Columbia Law School<br><strong>Ralph Wilde<\/strong>, University College London, University of London<br><strong>David Zaring<\/strong>, The Wharton School, University of Pennsylvania<br><strong>Adnan Zulfiqar<\/strong>, Rutgers University Law School<\/p>\n<\/div>\n<\/div>\n\n\n\n<p><\/p>\n","protected":false},"excerpt":{"rendered":"<p>Since 2007, Temple has hosted more than 100 of the world&#8217;s leading international law faculty to present their scholarship to the Temple community. The Temple International Law Colloquium is recognized as a premier venue for engaging the latest scholarship in the field.&nbsp; Tendayi Achiume, UCLA School of LawRobert Ahdieh, Emory &#8230; <\/p>\n<p class=\"read-more-container\"><a title=\"International Law Colloquium\" class=\"read-more button\" href=\"https:\/\/law.temple.edu\/iilpp\/international-law-colloquium-past-speakers\/#more-1819\" aria-label=\"Read more about International Law Colloquium\">Read More<\/a><\/p>\n","protected":false},"author":7,"featured_media":0,"parent":0,"menu_order":0,"comment_status":"closed","ping_status":"closed","template":"","meta":{"_acf_changed":false,"advgb_blocks_editor_width":"","advgb_blocks_columns_visual_guide":"","ghostkit_customizer_options":"","ghostkit_custom_css":"","ghostkit_custom_js_head":"","ghostkit_custom_js_foot":"","ghostkit_typography":"","generate_page_header":"","footnotes":""},"coauthors":[],"class_list":{"0":"post-1819","1":"page","2":"type-page","3":"status-publish","5":"infinite-scroll-item"},"yoast_head":"<!-- This site is optimized with the Yoast SEO plugin v27.2 - https:\/\/yoast.com\/product\/yoast-seo-wordpress\/ -->\n<title>International Law Colloquium - Institute for International Law and Public Policy<\/title>\n<meta name=\"robots\" content=\"index, follow, max-snippet:-1, max-image-preview:large, max-video-preview:-1\" \/>\n<link rel=\"canonical\" href=\"https:\/\/law.temple.edu\/iilpp\/international-law-colloquium-past-speakers\/\" \/>\n<meta property=\"og:locale\" content=\"en_US\" \/>\n<meta property=\"og:type\" content=\"article\" \/>\n<meta property=\"og:title\" content=\"International Law Colloquium - Institute for International Law and Public Policy\" \/>\n<meta property=\"og:description\" content=\"Since 2007, Temple has hosted more than 100 of the world&#8217;s leading international law faculty to present their scholarship to the Temple community. The Temple International Law Colloquium is recognized as a premier venue for engaging the latest scholarship in the field.&nbsp; Tendayi Achiume, UCLA School of LawRobert Ahdieh, Emory ... Read More\" \/>\n<meta property=\"og:url\" content=\"https:\/\/law.temple.edu\/iilpp\/international-law-colloquium-past-speakers\/\" \/>\n<meta property=\"og:site_name\" content=\"Institute for International Law and Public Policy\" \/>\n<meta property=\"article:modified_time\" content=\"2022-05-24T16:43:45+00:00\" \/>\n<meta name=\"twitter:card\" content=\"summary_large_image\" \/>\n<meta name=\"twitter:label1\" content=\"Est. reading time\" \/>\n\t<meta name=\"twitter:data1\" content=\"3 minutes\" \/>\n\t<meta name=\"twitter:label2\" content=\"Written by\" \/>\n\t<meta name=\"twitter:data2\" content=\"Jeff Arnett\" \/>\n<script type=\"application\/ld+json\" class=\"yoast-schema-graph\">{\"@context\":\"https:\/\/schema.org\",\"@graph\":[{\"@type\":\"WebPage\",\"@id\":\"https:\/\/law.temple.edu\/iilpp\/international-law-colloquium-past-speakers\/\",\"url\":\"https:\/\/law.temple.edu\/iilpp\/international-law-colloquium-past-speakers\/\",\"name\":\"International Law Colloquium - Institute for International Law and Public Policy\",\"isPartOf\":{\"@id\":\"https:\/\/law.temple.edu\/iilpp\/#website\"},\"datePublished\":\"2022-03-03T20:14:18+00:00\",\"dateModified\":\"2022-05-24T16:43:45+00:00\",\"breadcrumb\":{\"@id\":\"https:\/\/law.temple.edu\/iilpp\/international-law-colloquium-past-speakers\/#breadcrumb\"},\"inLanguage\":\"en-US\",\"potentialAction\":[{\"@type\":\"ReadAction\",\"target\":[\"https:\/\/law.temple.edu\/iilpp\/international-law-colloquium-past-speakers\/\"]}]},{\"@type\":\"BreadcrumbList\",\"@id\":\"https:\/\/law.temple.edu\/iilpp\/international-law-colloquium-past-speakers\/#breadcrumb\",\"itemListElement\":[{\"@type\":\"ListItem\",\"position\":1,\"name\":\"Home\",\"item\":\"https:\/\/law.temple.edu\/iilpp\/\"},{\"@type\":\"ListItem\",\"position\":2,\"name\":\"International Law Colloquium\"}]},{\"@type\":\"WebSite\",\"@id\":\"https:\/\/law.temple.edu\/iilpp\/#website\",\"url\":\"https:\/\/law.temple.edu\/iilpp\/\",\"name\":\"Institute for International Law and Public Policy\",\"description\":\"Just another Law Sites site\",\"publisher\":{\"@id\":\"https:\/\/law.temple.edu\/iilpp\/#organization\"},\"potentialAction\":[{\"@type\":\"SearchAction\",\"target\":{\"@type\":\"EntryPoint\",\"urlTemplate\":\"https:\/\/law.temple.edu\/iilpp\/?s={search_term_string}\"},\"query-input\":{\"@type\":\"PropertyValueSpecification\",\"valueRequired\":true,\"valueName\":\"search_term_string\"}}],\"inLanguage\":\"en-US\"},{\"@type\":\"Organization\",\"@id\":\"https:\/\/law.temple.edu\/iilpp\/#organization\",\"name\":\"Institute for International Law and Public Policy\",\"url\":\"https:\/\/law.temple.edu\/iilpp\/\",\"logo\":{\"@type\":\"ImageObject\",\"inLanguage\":\"en-US\",\"@id\":\"https:\/\/law.temple.edu\/iilpp\/#\/schema\/logo\/image\/\",\"url\":\"https:\/\/law.temple.edu\/iilpp\/wp-content\/uploads\/sites\/8\/2020\/01\/cropped-temple-logo-black@2x.png\",\"contentUrl\":\"https:\/\/law.temple.edu\/iilpp\/wp-content\/uploads\/sites\/8\/2020\/01\/cropped-temple-logo-black@2x.png\",\"width\":389,\"height\":150,\"caption\":\"Institute for International Law and Public Policy\"},\"image\":{\"@id\":\"https:\/\/law.temple.edu\/iilpp\/#\/schema\/logo\/image\/\"}}]}<\/script>\n<!-- \/ Yoast SEO plugin. -->","yoast_head_json":{"title":"International Law Colloquium - Institute for International Law and Public Policy","robots":{"index":"index","follow":"follow","max-snippet":"max-snippet:-1","max-image-preview":"max-image-preview:large","max-video-preview":"max-video-preview:-1"},"canonical":"https:\/\/law.temple.edu\/iilpp\/international-law-colloquium-past-speakers\/","og_locale":"en_US","og_type":"article","og_title":"International Law Colloquium - Institute for International Law and Public Policy","og_description":"Since 2007, Temple has hosted more than 100 of the world&#8217;s leading international law faculty to present their scholarship to the Temple community. The Temple International Law Colloquium is recognized as a premier venue for engaging the latest scholarship in the field.&nbsp; Tendayi Achiume, UCLA School of LawRobert Ahdieh, Emory ... Read More","og_url":"https:\/\/law.temple.edu\/iilpp\/international-law-colloquium-past-speakers\/","og_site_name":"Institute for International Law and Public Policy","article_modified_time":"2022-05-24T16:43:45+00:00","twitter_card":"summary_large_image","twitter_misc":{"Est. reading time":"3 minutes","Written by":"Jeff Arnett"},"schema":{"@context":"https:\/\/schema.org","@graph":[{"@type":"WebPage","@id":"https:\/\/law.temple.edu\/iilpp\/international-law-colloquium-past-speakers\/","url":"https:\/\/law.temple.edu\/iilpp\/international-law-colloquium-past-speakers\/","name":"International Law Colloquium - Institute for International Law and Public Policy","isPartOf":{"@id":"https:\/\/law.temple.edu\/iilpp\/#website"},"datePublished":"2022-03-03T20:14:18+00:00","dateModified":"2022-05-24T16:43:45+00:00","breadcrumb":{"@id":"https:\/\/law.temple.edu\/iilpp\/international-law-colloquium-past-speakers\/#breadcrumb"},"inLanguage":"en-US","potentialAction":[{"@type":"ReadAction","target":["https:\/\/law.temple.edu\/iilpp\/international-law-colloquium-past-speakers\/"]}]},{"@type":"BreadcrumbList","@id":"https:\/\/law.temple.edu\/iilpp\/international-law-colloquium-past-speakers\/#breadcrumb","itemListElement":[{"@type":"ListItem","position":1,"name":"Home","item":"https:\/\/law.temple.edu\/iilpp\/"},{"@type":"ListItem","position":2,"name":"International Law Colloquium"}]},{"@type":"WebSite","@id":"https:\/\/law.temple.edu\/iilpp\/#website","url":"https:\/\/law.temple.edu\/iilpp\/","name":"Institute for International Law and Public Policy","description":"Just another Law Sites site","publisher":{"@id":"https:\/\/law.temple.edu\/iilpp\/#organization"},"potentialAction":[{"@type":"SearchAction","target":{"@type":"EntryPoint","urlTemplate":"https:\/\/law.temple.edu\/iilpp\/?s={search_term_string}"},"query-input":{"@type":"PropertyValueSpecification","valueRequired":true,"valueName":"search_term_string"}}],"inLanguage":"en-US"},{"@type":"Organization","@id":"https:\/\/law.temple.edu\/iilpp\/#organization","name":"Institute for International Law and Public Policy","url":"https:\/\/law.temple.edu\/iilpp\/","logo":{"@type":"ImageObject","inLanguage":"en-US","@id":"https:\/\/law.temple.edu\/iilpp\/#\/schema\/logo\/image\/","url":"https:\/\/law.temple.edu\/iilpp\/wp-content\/uploads\/sites\/8\/2020\/01\/cropped-temple-logo-black@2x.png","contentUrl":"https:\/\/law.temple.edu\/iilpp\/wp-content\/uploads\/sites\/8\/2020\/01\/cropped-temple-logo-black@2x.png","width":389,"height":150,"caption":"Institute for International Law and Public Policy"},"image":{"@id":"https:\/\/law.temple.edu\/iilpp\/#\/schema\/logo\/image\/"}}]}},"acf":[],"author_meta":{"author_link":"https:\/\/law.temple.edu\/iilpp\/author\/tua31862\/","display_name":"Jeff Arnett"},"relative_dates":{"created":"Posted 4 years ago","modified":"Updated 4 years ago"},"absolute_dates":{"created":"Posted on March 3, 2022","modified":"Updated on May 24, 2022"},"absolute_dates_time":{"created":"Posted on March 3, 2022 8:14 pm","modified":"Updated on May 24, 2022 4:43 pm"},"featured_img_caption":"","featured_img":false,"series_order":"","_links":{"self":[{"href":"https:\/\/law.temple.edu\/iilpp\/wp-json\/wp\/v2\/pages\/1819","targetHints":{"allow":["GET"]}}],"collection":[{"href":"https:\/\/law.temple.edu\/iilpp\/wp-json\/wp\/v2\/pages"}],"about":[{"href":"https:\/\/law.temple.edu\/iilpp\/wp-json\/wp\/v2\/types\/page"}],"author":[{"embeddable":true,"href":"https:\/\/law.temple.edu\/iilpp\/wp-json\/wp\/v2\/users\/7"}],"replies":[{"embeddable":true,"href":"https:\/\/law.temple.edu\/iilpp\/wp-json\/wp\/v2\/comments?post=1819"}],"version-history":[{"count":7,"href":"https:\/\/law.temple.edu\/iilpp\/wp-json\/wp\/v2\/pages\/1819\/revisions"}],"predecessor-version":[{"id":1977,"href":"https:\/\/law.temple.edu\/iilpp\/wp-json\/wp\/v2\/pages\/1819\/revisions\/1977"}],"wp:attachment":[{"href":"https:\/\/law.temple.edu\/iilpp\/wp-json\/wp\/v2\/media?parent=1819"}],"wp:term":[{"taxonomy":"author","embeddable":true,"href":"https:\/\/law.temple.edu\/iilpp\/wp-json\/wp\/v2\/coauthors?post=1819"}],"curies":[{"name":"wp","href":"https:\/\/api.w.org\/{rel}","templated":true}]}}