{"id":18,"date":"2019-06-25T08:26:11","date_gmt":"2019-06-25T12:26:11","guid":{"rendered":"https:\/\/www2.law.temple.edu\/taxcenter\/?page_id=18"},"modified":"2023-11-30T18:26:50","modified_gmt":"2023-11-30T18:26:50","slug":"about","status":"publish","type":"page","link":"https:\/\/law.temple.edu\/iilpp\/about\/","title":{"rendered":"About the Institute for International Law and Public Policy"},"content":{"rendered":"\n<p>Since its founding in 2002, the Institute for International Law and Public Policy has set the pace for Temple Law\u2019s rise as a global leader in the study of international law. Under current co-directors Margaret M. deGuzman and Jeffrey Dunoff, and with the energetic support of a strong core of Affiliated Faculty, the Institute sponsors an ambitious menu of activities. The Institute has been a core element of the rich international programs at Temple Law.<\/p>\n\n\n\n<p>The Institute hosts a broad range of conferences, roundtables, seminars, lectures, and other programs for scholars, policymakers, and students. Participants include international law leaders from top academic institutions and government agencies. The Institute sponsors the International Law Colloquium, in which scholars from other institutions present scholarly works-in-progress on cutting edge issues of international law as part of a for-credit curricular offering. The Institute directors are assisted by student fellows competitively selected for their international law interest and experience.<\/p>\n\n\n\n<p>Institute events are designed to support and enrich an intellectually vibrant community of students and faculty interested in international and comparative law issues at Temple University Beasley School of Law.<\/p>\n\n\n\n<h2 class=\"wp-block-heading formal-header advgb-dyn-8ec7745a\" id=\"institute-directors\">Institute Directors<\/h2>\n\n\n\n<div class=\"wp-block-columns is-layout-flex wp-container-core-columns-is-layout-9d6595d7 wp-block-columns-is-layout-flex\">\n<div class=\"wp-block-column is-layout-flow wp-block-column-is-layout-flow\"><\/div>\n<\/div>\n\n\n\n<div class=\"wp-block-columns is-layout-flex wp-container-core-columns-is-layout-9d6595d7 wp-block-columns-is-layout-flex\">\n<div class=\"wp-block-column is-vertically-aligned-top is-layout-flow wp-block-column-is-layout-flow\" style=\"flex-basis:33.33%\"><div class=\"wp-block-image\">\n<figure class=\"aligncenter size-full advgb-dyn-cecd0254\"><img loading=\"lazy\" decoding=\"async\" width=\"300\" height=\"400\" src=\"https:\/\/law.temple.edu\/iilpp\/wp-content\/uploads\/sites\/8\/2021\/08\/20140924_deGuzman_M_005-300x400-1.jpg\" alt=\"\" class=\"wp-image-1313\" srcset=\"https:\/\/law.temple.edu\/iilpp\/wp-content\/uploads\/sites\/8\/2021\/08\/20140924_deGuzman_M_005-300x400-1.jpg 300w, https:\/\/law.temple.edu\/iilpp\/wp-content\/uploads\/sites\/8\/2021\/08\/20140924_deGuzman_M_005-300x400-1-225x300.jpg 225w\" sizes=\"auto, (max-width: 300px) 100vw, 300px\" \/><figcaption class=\"wp-element-caption\"><strong><strong>Margaret M. deGuzman<\/strong><\/strong><br>Professor of Law<br>Co-Director, Institute for International Law and Public Policy<br>Judge of the Residual Mechanism for International Criminal Tribunals<\/figcaption><\/figure>\n<\/div><\/div>\n\n\n\n<div class=\"wp-block-column is-layout-flow wp-block-column-is-layout-flow\" style=\"flex-basis:66.66%\">\n<p><strong>Professor Margaret M. deGuzman<\/strong> is James E. Beasley Professor of Law at Temple Law School and and a judge of the Residual Mechanism for International Criminal Tribunals. She specializes in criminal law, international criminal law, international humanitarian law, international human rights law, and transitional justice.&nbsp;Her scholarship focuses on the role of international criminal law in the global legal order, with a particular emphasis on the work of the International Criminal Court (ICC). Her recent publications have addressed such issues as how the concept of gravity of crimes affects the legitimacy of international criminal law, the relationship between international criminal law and the responsibility to protect doctrine, proportionate international sentencing, and the selection of cases and situations for ICC investigation and prosecution. She is currently participating in an international expert group studying the proposed addition of criminal jurisdiction to the mandate of the African Court on Human and Peoples\u2019 Rights, and in a project studying the impact of the Extraordinary African Chambers in the Courts of Senegal on national, regional, and global justice norms.<\/p>\n\n\n\n<p>Before joining the Temple Law faculty, Professor deGuzman clerked on the Ninth Circuit Court of Appeals and practiced law in San Francisco for six years, specializing in criminal defense. Professor deGuzman also served as a legal advisor to the Senegal delegation at the Rome Conference where the ICC was created and as a law clerk in the Office of the Prosecutor of the International Criminal Tribunal for Former Yugoslavia. She was a Fulbright Scholar in Darou N\u2019diar, Senegal.<\/p>\n<\/div>\n<\/div>\n\n\n\n<div class=\"wp-block-columns is-layout-flex wp-container-core-columns-is-layout-9d6595d7 wp-block-columns-is-layout-flex\">\n<div class=\"wp-block-column is-vertically-aligned-top is-layout-flow wp-block-column-is-layout-flow\" style=\"flex-basis:33.33%\"><div class=\"wp-block-image left-align\">\n<figure class=\"aligncenter size-full advgb-dyn-7fd2ab81\"><img loading=\"lazy\" decoding=\"async\" width=\"300\" height=\"400\" src=\"https:\/\/law.temple.edu\/iilpp\/wp-content\/uploads\/sites\/8\/2023\/11\/20111004_Dunoff_003-300x400-1.jpg\" alt=\"\" class=\"wp-image-2015\" title=\"\" srcset=\"https:\/\/law.temple.edu\/iilpp\/wp-content\/uploads\/sites\/8\/2023\/11\/20111004_Dunoff_003-300x400-1.jpg 300w, https:\/\/law.temple.edu\/iilpp\/wp-content\/uploads\/sites\/8\/2023\/11\/20111004_Dunoff_003-300x400-1-225x300.jpg 225w\" sizes=\"auto, (max-width: 300px) 100vw, 300px\" \/><figcaption class=\"wp-element-caption\"><strong>Jeffrey Dunoff<\/strong><br>Laura H. Carnell Professor of Law<br>Co-Director, Institute for International Law and Public Policy<\/figcaption><\/figure>\n<\/div><\/div>\n\n\n\n<div class=\"wp-block-column is-layout-flow wp-block-column-is-layout-flow\" style=\"flex-basis:66.66%\">\n<p><strong>Jeff Dunoff<\/strong> is the Laura H. Carnell\u00a0Professor of Law at Temple University Beasley School of Law.\u00a0 His research and writing focuses on\u00a0public international law, international\u00a0regulatory regimes, international courts, international\u00a0organizations, and\u00a0interdisciplinary approaches to international law.<\/p>\n\n\n\n<p>Dunoff has served as a Visiting Professor at Harvard Law School, Law and Public Affairs Fellow and Visiting Professor at Princeton University\u2019s School for Public and International Affairs, a Professeur Invit\u00e9, Facult\u00e9 de Droit at the Universit\u00e9 de Paris 1 (Panth\u00e9on-Sorbonne), Visiting Professor at the University of Rome (La Sapienza), Fernand Braudel Senior Fellow at the European University Institute, Senior Fellow at Humboldt University, Visiting Professor at Hebrew University of Jerusalem, Visiting Professor at Central European University, and as a Visiting Fellow at the Lauterpacht Research Centre at Cambridge University.&nbsp;&nbsp;Among other activities, he serves on the editorial board of the&nbsp;<em><a href=\"https:\/\/nam10.safelinks.protection.outlook.com\/?url=https%3A%2F%2Fwww.cambridge.org%2Fcore%2Fjournals%2Famerican-journal-of-international-law&amp;data=05%7C01%7Cjeff.arnett%40temple.edu%7Cf65959f523494b58e3f608db8857ce10%7C716e81efb52244738e3110bd02ccf6e5%7C0%7C0%7C638253682925054296%7CUnknown%7CTWFpbGZsb3d8eyJWIjoiMC4wLjAwMDAiLCJQIjoiV2luMzIiLCJBTiI6Ik1haWwiLCJXVCI6Mn0%3D%7C3000%7C%7C%7C&amp;sdata=o6Wu0nvKkvIDfXxBDi61wiOMaAhxviuLU9NxLUFY2xs%3D&amp;reserved=0\" target=\"_blank\" rel=\"noreferrer noopener\">American Journal of International Law<\/a><\/em>, as an elected member of the American Law Institute, and a Fellow of the American Bar Foundation.<\/p>\n\n\n\n<p>Professor Dunoff\u2019s publications include&nbsp;<a href=\"https:\/\/www.cambridge.org\/core\/books\/international-legal-theory\/876D04E22AE65710DE4BC77DE5298F5B#fndtn-information\">International Legal Theory: Foundations and Frontiers<\/a>&nbsp;(coeditor, with Mark A. Pollack, Cambridge University Press 2022),&nbsp;<a href=\"http:\/\/www.cambridge.org\/us\/academic\/subjects\/law\/public-international-law\/interdisciplinary-perspectives-international-law-and-international-relations-state-art\">Interdisciplinary Perspectives on International Law and International Relations : The State of the Art<\/a>&nbsp;(coeditor, with Mark A. Pollack, Cambridge University Press 2013);&nbsp;<a href=\"http:\/\/www.cambridge.org\/us\/knowledge\/isbn\/item2327176\/Ruling%20the%20World?site_locale=en_US&amp;?site_locale=en_US\">Ruling the World? Constitutionalism, International Law, and Global Governance<\/a>&nbsp;(coeditor, with Joel P. Trachtman, Cambridge University Press 2009); and&nbsp;<a href=\"http:\/\/www.aspenlawschool.com\/books\/Dunoff_intllaw4e\/default.asp\">International Law: Norms, Actors, Process<\/a>&nbsp;(with Steven Ratner, Monica Hakimi, and David Wippman, Wolters Kluwer 2020), a leading textbook. Among other scholarly activities, he has served on the editorial boards of&nbsp;<a href=\"https:\/\/www.cambridge.org\/core\/journals\/global-constitutionalism\">Global Constitutionalism<\/a>, the Irish Yearbook of International Law, and a book series on The Politics of Transnational Law.<\/p>\n\n\n\n<p>Before joining the Temple faculty, Professor Dunoff clerked for a federal court judge and practiced law in Washington, D.C., where he specialized in the representation of developing state governments in international and domestic litigations and arbitrations. Professor Dunoff received his B.A., magna cum laude, from Haverford College; his J.D., cum laude, from NYU School of Law; and his LL.M., with distinction, from Georgetown University Law Center, where he has served as a Ford Foundation Fellow in Public International Law and received the Thomas Chetwood Prize for distinguished academic performance.<\/p>\n<\/div>\n<\/div>\n","protected":false},"excerpt":{"rendered":"<p>Since its founding in 2002, the Institute for International Law and Public Policy has set the pace for Temple Law\u2019s rise as a global leader in the study of international law. Under current co-directors Margaret M. deGuzman and Jeffrey Dunoff, and with the energetic support of a strong core of &#8230; <\/p>\n<p class=\"read-more-container\"><a title=\"About the Institute for International Law and Public Policy\" class=\"read-more button\" href=\"https:\/\/law.temple.edu\/iilpp\/about\/#more-18\" aria-label=\"Read more about About the Institute for International Law and Public Policy\">Read More<\/a><\/p>\n","protected":false},"author":2,"featured_media":0,"parent":0,"menu_order":1,"comment_status":"closed","ping_status":"closed","template":"","meta":{"_acf_changed":false,"advgb_blocks_editor_width":"","advgb_blocks_columns_visual_guide":"","ghostkit_customizer_options":"","ghostkit_custom_css":"","ghostkit_custom_js_head":"","ghostkit_custom_js_foot":"","ghostkit_typography":"","generate_page_header":"","footnotes":""},"coauthors":[],"class_list":{"0":"post-18","1":"page","2":"type-page","3":"status-publish","5":"infinite-scroll-item"},"yoast_head":"<!-- This site is optimized with the Yoast SEO plugin v27.2 - https:\/\/yoast.com\/product\/yoast-seo-wordpress\/ -->\n<title>About the Institute for International Law and Public Policy - Institute for International Law and Public Policy<\/title>\n<meta name=\"robots\" content=\"index, follow, max-snippet:-1, max-image-preview:large, max-video-preview:-1\" \/>\n<link rel=\"canonical\" href=\"https:\/\/law.temple.edu\/iilpp\/about\/\" \/>\n<meta property=\"og:locale\" content=\"en_US\" \/>\n<meta property=\"og:type\" content=\"article\" \/>\n<meta property=\"og:title\" content=\"About the Institute for International Law and Public Policy - Institute for International Law and Public Policy\" \/>\n<meta property=\"og:description\" content=\"Since its founding in 2002, the Institute for International Law and Public Policy has set the pace for Temple Law\u2019s rise as a global leader in the study of international law. Under current co-directors Margaret M. deGuzman and Jeffrey Dunoff, and with the energetic support of a strong core of ... Read More\" \/>\n<meta property=\"og:url\" content=\"https:\/\/law.temple.edu\/iilpp\/about\/\" \/>\n<meta property=\"og:site_name\" content=\"Institute for International Law and Public Policy\" \/>\n<meta property=\"article:modified_time\" content=\"2023-11-30T18:26:50+00:00\" \/>\n<meta property=\"og:image\" content=\"https:\/\/law.temple.edu\/iilpp\/wp-content\/uploads\/sites\/8\/2021\/08\/20140924_deGuzman_M_005-300x400-1.jpg\" \/>\n<meta name=\"twitter:card\" content=\"summary_large_image\" \/>\n<meta name=\"twitter:label1\" content=\"Est. reading time\" \/>\n\t<meta name=\"twitter:data1\" content=\"5 minutes\" \/>\n\t<meta name=\"twitter:label2\" content=\"Written by\" \/>\n\t<meta name=\"twitter:data2\" content=\"Edward Myers\" \/>\n<script type=\"application\/ld+json\" class=\"yoast-schema-graph\">{\"@context\":\"https:\/\/schema.org\",\"@graph\":[{\"@type\":\"WebPage\",\"@id\":\"https:\/\/law.temple.edu\/iilpp\/about\/\",\"url\":\"https:\/\/law.temple.edu\/iilpp\/about\/\",\"name\":\"About the Institute for International Law and Public Policy - Institute for International Law and Public Policy\",\"isPartOf\":{\"@id\":\"https:\/\/law.temple.edu\/iilpp\/#website\"},\"primaryImageOfPage\":{\"@id\":\"https:\/\/law.temple.edu\/iilpp\/about\/#primaryimage\"},\"image\":{\"@id\":\"https:\/\/law.temple.edu\/iilpp\/about\/#primaryimage\"},\"thumbnailUrl\":\"https:\/\/law.temple.edu\/iilpp\/wp-content\/uploads\/sites\/8\/2021\/08\/20140924_deGuzman_M_005-300x400-1.jpg\",\"datePublished\":\"2019-06-25T12:26:11+00:00\",\"dateModified\":\"2023-11-30T18:26:50+00:00\",\"breadcrumb\":{\"@id\":\"https:\/\/law.temple.edu\/iilpp\/about\/#breadcrumb\"},\"inLanguage\":\"en-US\",\"potentialAction\":[{\"@type\":\"ReadAction\",\"target\":[\"https:\/\/law.temple.edu\/iilpp\/about\/\"]}]},{\"@type\":\"ImageObject\",\"inLanguage\":\"en-US\",\"@id\":\"https:\/\/law.temple.edu\/iilpp\/about\/#primaryimage\",\"url\":\"https:\/\/law.temple.edu\/iilpp\/wp-content\/uploads\/sites\/8\/2021\/08\/20140924_deGuzman_M_005-300x400-1.jpg\",\"contentUrl\":\"https:\/\/law.temple.edu\/iilpp\/wp-content\/uploads\/sites\/8\/2021\/08\/20140924_deGuzman_M_005-300x400-1.jpg\",\"width\":300,\"height\":400},{\"@type\":\"BreadcrumbList\",\"@id\":\"https:\/\/law.temple.edu\/iilpp\/about\/#breadcrumb\",\"itemListElement\":[{\"@type\":\"ListItem\",\"position\":1,\"name\":\"Home\",\"item\":\"https:\/\/law.temple.edu\/iilpp\/\"},{\"@type\":\"ListItem\",\"position\":2,\"name\":\"About the Institute for International Law and Public Policy\"}]},{\"@type\":\"WebSite\",\"@id\":\"https:\/\/law.temple.edu\/iilpp\/#website\",\"url\":\"https:\/\/law.temple.edu\/iilpp\/\",\"name\":\"Institute for International Law and Public Policy\",\"description\":\"Just another Law Sites site\",\"publisher\":{\"@id\":\"https:\/\/law.temple.edu\/iilpp\/#organization\"},\"potentialAction\":[{\"@type\":\"SearchAction\",\"target\":{\"@type\":\"EntryPoint\",\"urlTemplate\":\"https:\/\/law.temple.edu\/iilpp\/?s={search_term_string}\"},\"query-input\":{\"@type\":\"PropertyValueSpecification\",\"valueRequired\":true,\"valueName\":\"search_term_string\"}}],\"inLanguage\":\"en-US\"},{\"@type\":\"Organization\",\"@id\":\"https:\/\/law.temple.edu\/iilpp\/#organization\",\"name\":\"Institute for International Law and Public Policy\",\"url\":\"https:\/\/law.temple.edu\/iilpp\/\",\"logo\":{\"@type\":\"ImageObject\",\"inLanguage\":\"en-US\",\"@id\":\"https:\/\/law.temple.edu\/iilpp\/#\/schema\/logo\/image\/\",\"url\":\"https:\/\/law.temple.edu\/iilpp\/wp-content\/uploads\/sites\/8\/2020\/01\/cropped-temple-logo-black@2x.png\",\"contentUrl\":\"https:\/\/law.temple.edu\/iilpp\/wp-content\/uploads\/sites\/8\/2020\/01\/cropped-temple-logo-black@2x.png\",\"width\":389,\"height\":150,\"caption\":\"Institute for International Law and Public Policy\"},\"image\":{\"@id\":\"https:\/\/law.temple.edu\/iilpp\/#\/schema\/logo\/image\/\"}}]}<\/script>\n<!-- \/ Yoast SEO plugin. -->","yoast_head_json":{"title":"About the Institute for International Law and Public Policy - Institute for International Law and Public Policy","robots":{"index":"index","follow":"follow","max-snippet":"max-snippet:-1","max-image-preview":"max-image-preview:large","max-video-preview":"max-video-preview:-1"},"canonical":"https:\/\/law.temple.edu\/iilpp\/about\/","og_locale":"en_US","og_type":"article","og_title":"About the Institute for International Law and Public Policy - Institute for International Law and Public Policy","og_description":"Since its founding in 2002, the Institute for International Law and Public Policy has set the pace for Temple Law\u2019s rise as a global leader in the study of international law. Under current co-directors Margaret M. deGuzman and Jeffrey Dunoff, and with the energetic support of a strong core of ... Read More","og_url":"https:\/\/law.temple.edu\/iilpp\/about\/","og_site_name":"Institute for International Law and Public Policy","article_modified_time":"2023-11-30T18:26:50+00:00","og_image":[{"url":"https:\/\/law.temple.edu\/iilpp\/wp-content\/uploads\/sites\/8\/2021\/08\/20140924_deGuzman_M_005-300x400-1.jpg","type":"","width":"","height":""}],"twitter_card":"summary_large_image","twitter_misc":{"Est. reading time":"5 minutes","Written by":"Edward Myers"},"schema":{"@context":"https:\/\/schema.org","@graph":[{"@type":"WebPage","@id":"https:\/\/law.temple.edu\/iilpp\/about\/","url":"https:\/\/law.temple.edu\/iilpp\/about\/","name":"About the Institute for International Law and Public Policy - Institute for International Law and Public Policy","isPartOf":{"@id":"https:\/\/law.temple.edu\/iilpp\/#website"},"primaryImageOfPage":{"@id":"https:\/\/law.temple.edu\/iilpp\/about\/#primaryimage"},"image":{"@id":"https:\/\/law.temple.edu\/iilpp\/about\/#primaryimage"},"thumbnailUrl":"https:\/\/law.temple.edu\/iilpp\/wp-content\/uploads\/sites\/8\/2021\/08\/20140924_deGuzman_M_005-300x400-1.jpg","datePublished":"2019-06-25T12:26:11+00:00","dateModified":"2023-11-30T18:26:50+00:00","breadcrumb":{"@id":"https:\/\/law.temple.edu\/iilpp\/about\/#breadcrumb"},"inLanguage":"en-US","potentialAction":[{"@type":"ReadAction","target":["https:\/\/law.temple.edu\/iilpp\/about\/"]}]},{"@type":"ImageObject","inLanguage":"en-US","@id":"https:\/\/law.temple.edu\/iilpp\/about\/#primaryimage","url":"https:\/\/law.temple.edu\/iilpp\/wp-content\/uploads\/sites\/8\/2021\/08\/20140924_deGuzman_M_005-300x400-1.jpg","contentUrl":"https:\/\/law.temple.edu\/iilpp\/wp-content\/uploads\/sites\/8\/2021\/08\/20140924_deGuzman_M_005-300x400-1.jpg","width":300,"height":400},{"@type":"BreadcrumbList","@id":"https:\/\/law.temple.edu\/iilpp\/about\/#breadcrumb","itemListElement":[{"@type":"ListItem","position":1,"name":"Home","item":"https:\/\/law.temple.edu\/iilpp\/"},{"@type":"ListItem","position":2,"name":"About the Institute for International Law and Public Policy"}]},{"@type":"WebSite","@id":"https:\/\/law.temple.edu\/iilpp\/#website","url":"https:\/\/law.temple.edu\/iilpp\/","name":"Institute for International Law and Public Policy","description":"Just another Law Sites site","publisher":{"@id":"https:\/\/law.temple.edu\/iilpp\/#organization"},"potentialAction":[{"@type":"SearchAction","target":{"@type":"EntryPoint","urlTemplate":"https:\/\/law.temple.edu\/iilpp\/?s={search_term_string}"},"query-input":{"@type":"PropertyValueSpecification","valueRequired":true,"valueName":"search_term_string"}}],"inLanguage":"en-US"},{"@type":"Organization","@id":"https:\/\/law.temple.edu\/iilpp\/#organization","name":"Institute for International Law and Public Policy","url":"https:\/\/law.temple.edu\/iilpp\/","logo":{"@type":"ImageObject","inLanguage":"en-US","@id":"https:\/\/law.temple.edu\/iilpp\/#\/schema\/logo\/image\/","url":"https:\/\/law.temple.edu\/iilpp\/wp-content\/uploads\/sites\/8\/2020\/01\/cropped-temple-logo-black@2x.png","contentUrl":"https:\/\/law.temple.edu\/iilpp\/wp-content\/uploads\/sites\/8\/2020\/01\/cropped-temple-logo-black@2x.png","width":389,"height":150,"caption":"Institute for International Law and Public Policy"},"image":{"@id":"https:\/\/law.temple.edu\/iilpp\/#\/schema\/logo\/image\/"}}]}},"acf":[],"author_meta":{"author_link":"https:\/\/law.temple.edu\/iilpp\/author\/tub51301\/","display_name":"Edward Myers"},"relative_dates":{"created":"Posted 7 years ago","modified":"Updated 2 years ago"},"absolute_dates":{"created":"Posted on June 25, 2019","modified":"Updated on November 30, 2023"},"absolute_dates_time":{"created":"Posted on June 25, 2019 8:26 am","modified":"Updated on November 30, 2023 6:26 pm"},"featured_img_caption":"","featured_img":false,"series_order":"","_links":{"self":[{"href":"https:\/\/law.temple.edu\/iilpp\/wp-json\/wp\/v2\/pages\/18","targetHints":{"allow":["GET"]}}],"collection":[{"href":"https:\/\/law.temple.edu\/iilpp\/wp-json\/wp\/v2\/pages"}],"about":[{"href":"https:\/\/law.temple.edu\/iilpp\/wp-json\/wp\/v2\/types\/page"}],"author":[{"embeddable":true,"href":"https:\/\/law.temple.edu\/iilpp\/wp-json\/wp\/v2\/users\/2"}],"replies":[{"embeddable":true,"href":"https:\/\/law.temple.edu\/iilpp\/wp-json\/wp\/v2\/comments?post=18"}],"version-history":[{"count":22,"href":"https:\/\/law.temple.edu\/iilpp\/wp-json\/wp\/v2\/pages\/18\/revisions"}],"predecessor-version":[{"id":2034,"href":"https:\/\/law.temple.edu\/iilpp\/wp-json\/wp\/v2\/pages\/18\/revisions\/2034"}],"wp:attachment":[{"href":"https:\/\/law.temple.edu\/iilpp\/wp-json\/wp\/v2\/media?parent=18"}],"wp:term":[{"taxonomy":"author","embeddable":true,"href":"https:\/\/law.temple.edu\/iilpp\/wp-json\/wp\/v2\/coauthors?post=18"}],"curies":[{"name":"wp","href":"https:\/\/api.w.org\/{rel}","templated":true}]}}